{"id":535,"date":"2020-06-04T13:21:50","date_gmt":"2020-06-04T12:21:50","guid":{"rendered":"https:\/\/villacapricho.com\/aviso-legal\/"},"modified":"2023-03-21T18:39:02","modified_gmt":"2023-03-21T16:39:02","slug":"aviso-legal","status":"publish","type":"page","link":"https:\/\/villacapricho.com\/en\/aviso-legal\/","title":{"rendered":"Aviso legal"},"content":{"rendered":"<p>[et_pb_section fb_built=&#8221;1&#8243; _builder_version=&#8221;4.4.3&#8243;][et_pb_row _builder_version=&#8221;4.4.3&#8243; custom_margin=&#8221;0px||||false|false&#8221; custom_padding=&#8221;0px||||false|false&#8221;][et_pb_column type=&#8221;4_4&#8243; _builder_version=&#8221;4.4.3&#8243;][et_pb_text _builder_version=&#8221;4.4.3&#8243;]<\/p>\n<h1>Aviso Legal<\/h1>\n<p>[\/et_pb_text][\/et_pb_column][\/et_pb_row][et_pb_row _builder_version=&#8221;4.4.3&#8243; custom_padding=&#8221;|2%||2%|false|false&#8221; border_width_all=&#8221;1px&#8221; border_color_all=&#8221;#529641&#8243;][et_pb_column type=&#8221;4_4&#8243; _builder_version=&#8221;4.4.3&#8243;][et_pb_text _builder_version=&#8221;4.4.7&#8243; text_line_height=&#8221;1.8em&#8221; header_2_font=&#8221;|300|||||||&#8221; header_2_text_color=&#8221;#000000&#8243; header_2_font_size=&#8221;28px&#8221; header_2_line_height=&#8221;1.9em&#8221; custom_margin=&#8221;||||false|false&#8221; hover_enabled=&#8221;0&#8243;]<\/p>\n<p class=\"legal_texto\"><em>Versi\u00f3n 1<\/em><\/p>\n<p class=\"legal_texto\"><em>Fecha: 05 de junio de 2020<\/em><\/p>\n<p class=\"legal_texto\">En virtud del art. 10 de la Ley 34\/2002 de Servicios de la Sociedad de la Informaci\u00f3n y el Comercio Electr\u00f3nico, los datos del titular de la p\u00e1gina web son los siguientes:<\/p>\n<ul class=\"lista_simple nowrap_column margen_bottom_2\">\n<li class=\"legal_texto\">Denominaci\u00f3n social: Schayesteh Mohregi Shakiba (En adelante, EL TITULAR)<\/li>\n<li class=\"legal_texto\">CIF\/NIF: 78984812Y<\/li>\n<li class=\"legal_texto\">Domicilio Social: <span>C.\/ Padre Paco Ostos, 9 29602 Marbella (M\u00e1laga)<\/span><\/li>\n<li class=\"legal_texto\">E-mail: info@villacapricho.com<\/li>\n<li class=\"legal_texto\">Tel\u00e9fono: +34 <\/li>\n<\/ul>\n<h2 class=\"color_primario\">Objeto<\/h2>\n<p class=\"legal_texto margen_bottom_2\">A trav\u00e9s de este Aviso Legal la entidad EL TITULAR, declara su responsabilidad sobre el sitio capricho.com.es (en adelante Sitio Web), y viene a dar a conocer la informaci\u00f3n general que los prestadores de servicios de la sociedad de la informaci\u00f3n est\u00e1n obligados a poner a disposici\u00f3n de los consumidores y usuarios, por imperativo de la Ley 34\/2002, de servicios de la sociedad de la informaci\u00f3n y de comercio electr\u00f3nico (LSSI-CE).<\/p>\n<h2 class=\"color_primario\">Compromisos y obligaciones de los usuarios<\/h2>\n<p class=\"legal_texto\">Al acceder a este sitio web, usted adquiere la condici\u00f3n de usuario y acepta plenamente todas y cada una de las condiciones que contiene este Aviso Legal.<\/p>\n<p class=\"legal_texto\">El usuario queda informado, y acepta, que el acceso a la presente web no supone, en modo alguno, el inicio de una relaci\u00f3n comercial con EL TITULAR.<\/p>\n<p class=\"legal_texto\">El usuario se compromete a hacer uso de los servicios y utilidades que ofrece EL TITULAR, de conformidad con las leyes, la buena fe, el orden p\u00fablico, los usos del tr\u00e1fico y este Aviso Legal. Queda prohibido el uso de la web, con fines il\u00edcitos o lesivos, o que, de cualquier forma, puedan causar perjuicio o impedir el normal funcionamiento del sitio web.<\/p>\n<p class=\"legal_texto\">En la utilizaci\u00f3n de la web, capricho.com.es el usuario se compromete a no llevar a cabo ninguna conducta que pudiera da\u00f1ar la imagen, los intereses y los derechos de EL TITULAR o de terceros o que pudiera da\u00f1ar, inutilizar o sobrecargar el portal capricho.com.es o que impidiera, de cualquier forma, la normal utilizaci\u00f3n de la web.<\/p>\n<p class=\"legal_texto\">El usuario responder\u00e1 ante EL TITULAR o frente a terceros, de cualesquiera incumplimientos se produjeran como consecuencia de lo anterior.<\/p>\n<p class=\"legal_texto\">Se recomienda que este Aviso Legal debe ser le\u00eddo cada vez que el usuario acceda a esta web ya que puede ser modificado sin previo aviso, por lo que la aceptaci\u00f3n por parte del usuario se producir\u00e1 respecto de lo publicado por EL TITULAR en el momento mismo, en que se accede.<\/p>\n<p class=\"legal_texto\">Igualmente este acceso al Sitio Web se encuentra sometido a todos los avisos, condiciones de uso e instrucciones, puestos en conocimiento del usuario por EL TITULAR, y que sustituyan, completen y\/o modifiquen el presente Aviso Legal.<\/p>\n<p class=\"legal_texto margen_bottom_2\">El acceso al Sitio Web tiene car\u00e1cter gratuito. EL TITULAR no se responsabiliza de las consecuencias, da\u00f1os o perjuicios que se deriven del acceso a su web, del uso que se haga de la informaci\u00f3n que contiene.<\/p>\n<h2 class=\"color_primario\">Derechos de propiedad intelectual e industrial<\/h2>\n<p class=\"legal_texto\">El sitio web, incluyendo a t\u00edtulo enunciativo pero no limitativo su programaci\u00f3n, edici\u00f3n, compilaci\u00f3n y dem\u00e1s elementos necesarios para su funcionamiento, los dise\u00f1os, logotipos, texto y\/o gr\u00e1ficos son propiedad de EL TITULAR, o en su caso se dispone de licencia o autorizaci\u00f3n expresa por parte de los autores. Todos los contenidos del sitio web se encuentran debidamente protegidos por la normativa de propiedad intelectual e industrial, as\u00ed como inscritos en los registros p\u00fablicos correspondientes.<\/p>\n<p class=\"legal_texto\">Independientemente de la finalidad para la que fueran destinados, la reproducci\u00f3n total o parcial, uso, explotaci\u00f3n, distribuci\u00f3n, comercializaci\u00f3n, modificaci\u00f3n, adaptaci\u00f3n, comunicaci\u00f3n p\u00fablica, mantenimiento, correcci\u00f3n de errores, cesi\u00f3n, venta, alquiler, pr\u00e9stamo y cualquier otro derecho de propiedad intelectual o industrial que puedan corresponderle sobre los contenidos del Sitio Web, requiere en todo caso de la autorizaci\u00f3n escrita previa por parte de EL TITULAR. Cualquier uso no autorizado previamente por parte del prestador ser\u00e1 considerado un incumplimiento grave de los derechos de propiedad intelectual o industrial del autor.<\/p>\n<p class=\"legal_texto\">Los dise\u00f1os, logotipos, texto y\/o gr\u00e1ficos ajenos al prestador y que pudieran aparecer en el sitio web, pertenecen a sus respectivos propietarios, siendo ellos mismos responsables de cualquier posible controversia que pudiera suscitarse respecto a los mismos. En todo caso, el prestador cuenta con la autorizaci\u00f3n expresa y previa por parte de los mismos.<\/p>\n<p class=\"legal_texto\">Quien se proponga establecer un enlace o link a este sitio web, deber\u00e1 solicitar previamente consentimiento a EL TITULAR, reserv\u00e1ndose esta \u00faltima el derecho a reclamar los posibles da\u00f1os que se pudieren provocar por el establecimiento de este enlace o link sin la necesaria autorizaci\u00f3n.<\/p>\n<p class=\"legal_texto\">El prestador reconoce a favor de sus titulares los correspondientes derechos de propiedad industrial e intelectual, no implicando su sola menci\u00f3n o aparici\u00f3n en el sitio web la existencia de derechos o responsabilidad alguna del prestador sobre los mismos, como tampoco respaldo, patrocinio o recomendaci\u00f3n por parte del mismo.<\/p>\n<p class=\"legal_texto margen_bottom_2\">El establecimiento de un enlace o link a otra p\u00e1gina o sitio en Internet, en su caso, no implica en ning\u00fan caso la existencia de relaciones entre EL TITULAR y el titular o propietario del sitio web en la que se establezca, ni tampoco la aceptaci\u00f3n y aprobaci\u00f3n por parte de EL TITULAR de sus contenidos o servicios.<\/p>\n<h2 class=\"color_primario\">Exclusi\u00f3n de garant\u00edas y de responsabilidad por los contenidos<\/h2>\n<p class=\"legal_texto\">EL TITULAR, solo garantiza la licitud, fiabilidad y utilidad de los textos, art\u00edculos y comentarios publicados (en adelante los Contenidos) o a trav\u00e9s del Sitio Web, salvo que en los mismos adolecieran de alg\u00fan error.<\/p>\n<p class=\"legal_texto\">EL TITULAR no asume ning\u00fan tipo de responsabilidad por los da\u00f1os y perjuicios de toda naturaleza que puedan derivarse de la transmisi\u00f3n, difusi\u00f3n, almacenamiento, puesta a disposici\u00f3n, recepci\u00f3n, obtenci\u00f3n o acceso a los Contenidos.<\/p>\n<p class=\"legal_texto margen_bottom_2\">Igualmente EL TITULAR, no se responsabiliza de cualquier da\u00f1o o perjuicio en el software o hardware del usuario producido por el acceso del mismo a las distintas p\u00e1ginas que componen el sitio web de EL TITULAR, as\u00ed como del ocasionado como consecuencia de la utilizaci\u00f3n o reproducci\u00f3n de la informaci\u00f3n all\u00ed contenida.<\/p>\n<h2 class=\"color_primario\">Exclusi\u00f3n de garant\u00edas y responsabilidad por los servicios prestados por terceros a trav\u00e9s de capricho.com.es<\/h2>\n<p class=\"legal_texto\">EL TITULAR, no puede garantizar la ausencia de virus ni de otros elementos en los servicios prestados por terceros a trav\u00e9s de esta web, que puedan dar lugar a producir alteraciones en su sistema inform\u00e1tico (software y hardware) o en los documentos electr\u00f3nicos y ficheros almacenados en su sistema inform\u00e1tico.<\/p>\n<p class=\"legal_texto margen_bottom_2\">EL TITULAR, no asume ninguna responsabilidad por los da\u00f1os y perjuicios de toda naturaleza que puedan deberse a la presencia de virus o a la presencia de otros elementos lesivos en los servicios jur\u00eddicos prestados por terceros a trav\u00e9s de este sitio web, que puedan producir alteraciones en el sistema inform\u00e1tico, documentos electr\u00f3nicos o ficheros de los usuarios.<\/p>\n<h2 class=\"color_primario\">Pol\u00edtica de privacidad<\/h2>\n<p class=\"legal_texto margen_bottom_2\"><a href=\"https:\/\/epgestudio.es\/legal\/politica-de-privacidad\/\" target=\"_self\" rel=\"noopener noreferrer\">Leer Pol\u00edtica de Privacidad.<\/a><\/p>\n<h2 class=\"color_primario\">Enlaces<\/h2>\n<p class=\"legal_texto margen_bottom_2\">Los enlaces contenidos en este sitio web, pueden dirigir a p\u00e1ginas web de terceros. En estos casos, EL TITULAR no asume ninguna responsabilidad por el contenido, informaciones o servicios que pudieran aparecer en dichos sitios y que en ning\u00fan caso implican relaci\u00f3n alguna entre EL TITULAR y las personas o entidades titulares de tales contenidos o titulares de los sitios donde se encuentren.<\/p>\n<h2 class=\"color_primario\">Pol\u00edtica de comentarios<\/h2>\n<p class=\"legal_texto\">En nuestra web se permiten realizar comentarios para enriquecer los contenidos y realizar consultas.<\/p>\n<p class=\"legal_texto\">No se admitir\u00e1n comentarios que no est\u00e9n relacionados con la tem\u00e1tica de esta web, que incluyan difamaciones, agravios, insultos, ataques personales o faltas de respeto en general hacia el autor o hacia otros miembros. Estos comentarios ser\u00e1n suprimidos por los administradores de la web.<\/p>\n<p class=\"legal_texto\">Tambi\u00e9n ser\u00e1n suprimidos los comentarios que contengan informaci\u00f3n que sea obviamente enga\u00f1osa o falsa, as\u00ed como los comentarios que contengan informaci\u00f3n personal, como, por ejemplo, domicilios privado o tel\u00e9fonos y que vulneren nuestra pol\u00edtica de protecci\u00f3n de datos.<\/p>\n<p class=\"legal_texto\">Se desestimar\u00e1, igualmente, aquellos comentarios creados s\u00f3lo con fines promocionales de una web, persona o colectivo y todo lo que pueda ser considerado spam en general.<\/p>\n<p class=\"legal_texto margen_bottom_2\">No se permiten comentarios an\u00f3nimos, as\u00ed como aquellos realizados por una misma persona con distintos apodos. No se considerar\u00e1n tampoco aquellos comentarios que intenten forzar un debate o una toma de postura por otro usuario.<\/p>\n<h2 class=\"color_primario\">Legislaci\u00f3n y Jurisdicci\u00f3n<\/h2>\n<p class=\"legal_texto\">Para la resoluci\u00f3n de todas las controversias o cuestiones relacionadas con el presente sitio web o de las actividades en \u00e9l desarrolladas, ser\u00e1 de aplicaci\u00f3n la legislaci\u00f3n espa\u00f1ola, a la que se someten expresamente las partes, siendo competentes para la resoluci\u00f3n de todos los conflictos derivados o relacionados con su uso los Juzgados y Tribunales de Marbella.<\/p>\n<p>[\/et_pb_text][\/et_pb_column][\/et_pb_row][\/et_pb_section]<\/p>\n","protected":false},"excerpt":{"rendered":"<p>Aviso LegalVersi\u00f3n 1 Fecha: 05 de junio de 2020 En virtud del art. 10 de la Ley 34\/2002 de Servicios de la Sociedad de la Informaci\u00f3n y el Comercio Electr\u00f3nico, los datos del titular de la p\u00e1gina web son los siguientes: Denominaci\u00f3n social: Schayesteh Mohregi Shakiba (En adelante, EL TITULAR) CIF\/NIF: 78984812Y Domicilio Social: C.\/ [&hellip;]<\/p>\n","protected":false},"author":1,"featured_media":0,"parent":0,"menu_order":0,"comment_status":"closed","ping_status":"closed","template":"","meta":{"_et_pb_use_builder":"on","_et_pb_old_content":"","_et_gb_content_width":"","_mi_skip_tracking":false,"_monsterinsights_sitenote_active":false,"_monsterinsights_sitenote_note":"","_monsterinsights_sitenote_category":0},"_links":{"self":[{"href":"https:\/\/villacapricho.com\/en\/wp-json\/wp\/v2\/pages\/535"}],"collection":[{"href":"https:\/\/villacapricho.com\/en\/wp-json\/wp\/v2\/pages"}],"about":[{"href":"https:\/\/villacapricho.com\/en\/wp-json\/wp\/v2\/types\/page"}],"author":[{"embeddable":true,"href":"https:\/\/villacapricho.com\/en\/wp-json\/wp\/v2\/users\/1"}],"replies":[{"embeddable":true,"href":"https:\/\/villacapricho.com\/en\/wp-json\/wp\/v2\/comments?post=535"}],"version-history":[{"count":2,"href":"https:\/\/villacapricho.com\/en\/wp-json\/wp\/v2\/pages\/535\/revisions"}],"predecessor-version":[{"id":537,"href":"https:\/\/villacapricho.com\/en\/wp-json\/wp\/v2\/pages\/535\/revisions\/537"}],"wp:attachment":[{"href":"https:\/\/villacapricho.com\/en\/wp-json\/wp\/v2\/media?parent=535"}],"curies":[{"name":"wp","href":"https:\/\/api.w.org\/{rel}","templated":true}]}}