{"id":538,"date":"2020-06-04T13:22:11","date_gmt":"2020-06-04T11:22:11","guid":{"rendered":"https:\/\/villacapricho.com\/politica-de-cookies\/"},"modified":"2023-03-21T18:40:47","modified_gmt":"2023-03-21T16:40:47","slug":"politica-de-cookies","status":"publish","type":"page","link":"https:\/\/villacapricho.com\/en\/politica-de-cookies\/","title":{"rendered":"Pol\u00edtica de Cookies"},"content":{"rendered":"<p>[et_pb_section fb_built=&#8221;1&#8243; _builder_version=&#8221;4.4.3&#8243;][et_pb_row _builder_version=&#8221;4.4.3&#8243; custom_margin=&#8221;0px||||false|false&#8221; custom_padding=&#8221;0px||||false|false&#8221;][et_pb_column type=&#8221;4_4&#8243; _builder_version=&#8221;4.4.3&#8243;][et_pb_text _builder_version=&#8221;4.4.3&#8243;]<\/p>\n<h1>Pol\u00edtica de Cookies<\/h1>\n<p>[\/et_pb_text][\/et_pb_column][\/et_pb_row][et_pb_row _builder_version=&#8221;4.4.3&#8243; custom_padding=&#8221;|2%||2%|false|false&#8221; border_width_all=&#8221;1px&#8221; border_color_all=&#8221;#529641&#8243;][et_pb_column type=&#8221;4_4&#8243; _builder_version=&#8221;4.4.3&#8243;][et_pb_text _builder_version=&#8221;4.4.3&#8243; text_line_height=&#8221;1.8em&#8221; header_2_font=&#8221;|300|||||||&#8221; header_2_text_color=&#8221;#000000&#8243; header_2_font_size=&#8221;28px&#8221; header_2_line_height=&#8221;1.9em&#8221; custom_margin=&#8221;||||false|false&#8221;]<\/p>\n<p class=\"legal_texto\">La web de Schayesteh Mohregi Shakiba utiliza una tecnolog\u00eda denominada \u201ccookies\u201d, con la finalidad de poder recabar informaci\u00f3n acerca del uso del sitio web.<\/p>\n<p class=\"legal_texto\">Le informamos de que podemos utilizar cookies con la finalidad de facilitar su navegaci\u00f3n a trav\u00e9s de la web, distinguirle de otros usuarios, proporcionarle una mejor experiencia en el uso del mismo, e identificar problemas para mejorar nuestro sitio web. Asimismo, en caso de que preste su consentimiento, utilizaremos cookies que nos permitan obtener m\u00e1s informaci\u00f3n acerca de sus preferencias y personalizar nuestro Sitio Web de conformidad con sus intereses individuales.<\/p>\n<p class=\"legal_texto margen_bottom_2\">La presente Pol\u00edtica de Cookies tiene por finalidad informarle de manera clara y precisa sobre las cookies que se utilizan en nuestro Sitio Web (la \u201cPol\u00edtica de Cookies\u201d). En caso de que quiera recabar m\u00e1s informaci\u00f3n sobre las cookies que utilizamos en el Sitio Web, podr\u00e1 remitir un correo electr\u00f3nico a la siguiente direcci\u00f3n: info@villacapricho.com<\/p>\n<h2 class=\"color_primario\">\u00bfQu\u00e9 es una cookie y para qu\u00e9 se utilizan?<\/h2>\n<p class=\"legal_texto margen_bottom_2\">Las cookies son peque\u00f1os ficheros de texto que los sitios web pueden colocar en el dispositivo (PC, Smartphone, Tableta, Smart TV etc.) que se utiliza para acceder al sitio web, o en el navegador empleado por el usuario. Este fichero contiene informaci\u00f3n sobre las p\u00e1ginas que se han visitado en dicho sitio, lo que permite recordar las preferencias de navegaci\u00f3n a fin de que la pr\u00f3xima vez que se visite el sitio web la navegaci\u00f3n sea m\u00e1s \u00e1gil, recurriendo a la informaci\u00f3n contenida en dicho fichero. Del mismo modo, a trav\u00e9s de las cookies se puede recopilar informaci\u00f3n estad\u00edstica an\u00f3nima, o asegurar que los sitios web funcionen de manera correcta.<\/p>\n<h2 class=\"color_primario\">\u00bfQu\u00e9 NO es una Cookie?<\/h2>\n<p class=\"legal_texto margen_bottom_2\">No es un virus, ni un troyano, ni un gusano, ni spam, ni spyware, ni abre ventanas pop-up.<\/p>\n<h2 class=\"color_primario\">\u00bfQu\u00e9 tipos de Cookies existen?<\/h2>\n<p class=\"legal_texto\">Las Cookies, en funci\u00f3n de su permanencia, pueden clasificarse en<span> <\/span><strong>Cookies de sesi\u00f3n<\/strong><span> <\/span>y<span> <\/span><strong>permanentes<\/strong>. En el caso de las primeras, su vigencia expira cuando el usuario cierra el navegador, mientras que la vigencia de las Cookies permanentes puede ser variable, una vez que han cumplido el objetivo que motiv\u00f3 su instalaci\u00f3n o cuando el usuario procede a su borrado manual.<\/p>\n<p class=\"legal_texto\">Atendiendo a su gestor, las Cookies pueden ser<span> <\/span><strong>propias<\/strong><span> <\/span>o<span> <\/span><strong>de terceros<\/strong>, atendiendo a su finalidad, se puede distinguir entre:<\/p>\n<ul class=\"lista_simple nowrap_column margen_bottom_2\">\n<li class=\"legal_texto\"><strong>Cookies t\u00e9cnicas:<\/strong><span> <\/span>permiten al usuario la navegaci\u00f3n a trav\u00e9s una p\u00e1gina web o aplicaci\u00f3n, y la utilizaci\u00f3n de las diferentes opciones o servicios que existan en ella. Se incluyen en este grupo, por ejemplo, la identificaci\u00f3n de sesi\u00f3n, o compartir contenidos a trav\u00e9s de redes sociales.<\/li>\n<li class=\"legal_texto\"><strong>Cookies de personalizaci\u00f3n:<\/strong><span> <\/span>permiten al usuario acceder al servicio con determinadas caracter\u00edsticas de car\u00e1cter general predefinidas en funci\u00f3n de una serie de criterios en el equipo de usuario, como por ejemplo el idioma o la ubicaci\u00f3n geogr\u00e1fica<\/li>\n<li class=\"legal_texto\"><strong>Cookies de an\u00e1lisis:<\/strong><span> <\/span>permiten al responsable de las mismas el seguimiento y an\u00e1lisis del comportamiento de los usuarios de los sitios web a los que est\u00e1n vinculadas, a fin de introducir mejoras en funci\u00f3n del an\u00e1lisis de los datos de uso que hacen los usuarios del servicio<\/li>\n<li class=\"legal_texto\"><strong>Cookies publicitarias:<\/strong><span> <\/span>permiten la gesti\u00f3n de los espacios publicitarios que el titular de la p\u00e1gina o aplicaci\u00f3n haya incluido para mostrar anuncios en ellos.<\/li>\n<li class=\"legal_texto\"><strong>Cookies de publicidad comportamental:<\/strong><span> <\/span>permiten la gesti\u00f3n de los espacios publicitarios a trav\u00e9s del almacenamiento de informaci\u00f3n del comportamiento de los usuarios obtenida a trav\u00e9s de la observaci\u00f3n continuada de sus h\u00e1bitos de navegaci\u00f3n.<\/li>\n<\/ul>\n<h2 class=\"color_primario\">\u00bfQu\u00e9 Cookies utilizamos en el presente sitio web de Schayesteh Mohregi Shakiba?<\/h2>\n<p class=\"legal_texto\">Esta web utiliza cookies propias y de terceros. En este sitio web se utilizan las siguientes cookies que se detallan a continuaci\u00f3n:<\/p>\n<p class=\"titulo_h3 color_primario margen_top_2\">&#8211; Cookies propias<\/p>\n<ul class=\"lista_simple nowrap_column\">\n<li class=\"legal_texto\"><strong>Inicio de sesi\u00f3n:<\/strong><span> <\/span>Las cookies para iniciar sesi\u00f3n te permiten entrar y salir de tu cuenta de Schayesteh Mohregi Shakiba.<\/li>\n<li class=\"legal_texto\"><strong>Personalizaci\u00f3n:<\/strong><span> <\/span>Las cookies me ayudan a recordar con qu\u00e9 personas o sitios web has interactuado, para que pueda mostrarte contenido relacionado.<\/li>\n<li class=\"legal_texto\"><strong>Preferencias:<\/strong><span> <\/span>Las cookies me permiten recordar tus ajustes y preferencias, como el idioma preferido y tu configuraci\u00f3n de privacidad.<\/li>\n<li class=\"legal_texto\"><strong>Seguridad:<\/strong><span> <\/span>Utilizo cookies para evitarte riesgos de seguridad. Principalmente para detectar cu\u00e1ndo alguien est\u00e1 intentando piratear tu cuenta de Schayesteh Mohregi Shakiba.<\/li>\n<\/ul>\n<p class=\"titulo_h3 color_primario margen_top_2\">&#8211; Cookies de terceros<\/p>\n<p class=\"legal_texto\">Esta web utiliza los siguientes servicios de an\u00e1lisis:<\/p>\n<ul class=\"lista_simple nowrap_column margen_bottom_1\">\n<li class=\"legal_texto\"><strong>Google Analytics<\/strong><span> <\/span>para ayudar al website a analizar el uso que hacen los usuarios del sitio web y mejorar la usabilidad del mismo, pero en ning\u00fan caso se asocian a datos que pudieran llegar a identificar al usuario. Google Analytics, es un servicio anal\u00edtico de web prestado por Google, Inc., El usuario puede consultar aqu\u00ed el tipo de cookies utilizadas por Google.<\/li>\n<li class=\"legal_texto\"><strong>Pixel de Facebook<\/strong><span> <\/span>para ayudar al website a analizar el uso que hacen los usuarios del sitio web y mejorar la usabilidad del mismo, pero en ning\u00fan caso se asocian a datos que pudieran llegar a identificar al usuario. El pixel de Facebook es un servicio anal\u00edtico de web prestado por Facebook, Inc., El usuario puede consultar aqu\u00ed el tipo de cookies utilizadas por Facebook.<\/li>\n<\/ul>\n<p class=\"legal_texto\">Schayesteh Mohregi Shakiba es usuario de la<span> <\/span><strong>plataforma de suministro y alojamiento de blogs WordPress<\/strong>, propiedad de la empresa norteamericana Automattic, Inc. A tales efectos, los usos de tales cookies por los sistemas nunca est\u00e1n bajo control o gesti\u00f3n del responsable de la web, pueden cambiar su funci\u00f3n en cualquier momento, y entrar cookies nuevas. Estas cookies tampoco reportan al responsable de esta web beneficio alguno. Automattic, Inc., utiliza adem\u00e1s otras cookies con la finalidad de ayudar a identificar y rastrear a los visitantes de los sitios de WordPress, conocer el uso que hacen del sitio web de Automattic, as\u00ed como sus preferencias de acceso al mismo, tal y como se recoge en el apartado \u201cCookies\u201d de su pol\u00edtica de privacidad.<\/p>\n<p class=\"legal_texto\">Las cookies de redes sociales pueden almacenarse en su navegador mientras navega por capricho.com.es por ejemplo, cuando utiliza el bot\u00f3n de compartir contenidos de capricho.com.es en alguna red social.<\/p>\n<p class=\"legal_texto\">A continuaci\u00f3n tienes informaci\u00f3n sobre las<span> <\/span><strong>cookies de las redes sociales<\/strong><span> <\/span>que utiliza esta web en sus propias pol\u00edticas de cookies:<\/p>\n<ul class=\"lista_simple nowrap_column margen_bottom_2\">\n<li class=\"legal_texto\"><strong>Cookies de Facebook<\/strong>, ver m\u00e1s informaci\u00f3n en su<span> <\/span><a href=\"https:\/\/www.facebook.com\/policies\/cookies\/\" target=\"_blank\" title=\"Enlace externo.\" rel=\"noopener noreferrer\">pol\u00edtica de cookies<\/a><\/li>\n<li class=\"legal_texto\"><strong>Cookies de Twitter<\/strong>, ver m\u00e1s informaci\u00f3n en su<span> <\/span><a href=\"https:\/\/twitter.com\/es\/privacy\" target=\"_blank\" title=\"Enlace externo.\" rel=\"noopener noreferrer\">pol\u00edtica de cookies<\/a><\/li>\n<li class=\"legal_texto\"><strong>Cookies de Pinterest<\/strong>, ver m\u00e1s informaci\u00f3n en su<span> <\/span><a href=\"https:\/\/policy.pinterest.com\/es\/cookies\" target=\"_blank\" title=\"Enlace externo.\" rel=\"noopener noreferrer\">pol\u00edtica de cookies<\/a><\/li>\n<li class=\"legal_texto\"><strong>Cookies de Linkedin<\/strong>, ver m\u00e1s informaci\u00f3n en su<span> <\/span><a href=\"https:\/\/www.linkedin.com\/legal\/cookie-policy?trk=hp-cookies\" target=\"_blank\" title=\"Enlace externo.\" rel=\"noopener noreferrer\">pol\u00edtica de cookies<\/a><\/li>\n<li class=\"legal_texto\"><strong>Cookies de Google plus<\/strong>, ver m\u00e1s informaci\u00f3n en su<span> <\/span><a href=\"https:\/\/policies.google.com\/technologies\/types?hl=es\" target=\"_blank\" title=\"Enlace externo.\" rel=\"noopener noreferrer\">pol\u00edtica de cookies<\/a><\/li>\n<li class=\"legal_texto\"><strong>Cookies de Youtube<\/strong>, ver m\u00e1s informaci\u00f3n en su<span> <\/span><a href=\"https:\/\/policies.google.com\/technologies\/types?hl=es\" target=\"_blank\" title=\"Enlace externo.\" rel=\"noopener noreferrer\">pol\u00edtica de cookies<\/a><\/li>\n<li class=\"legal_texto\"><strong>Cookies de Instagram<\/strong>, ver m\u00e1s informaci\u00f3n en su<span> <\/span><a href=\"https:\/\/www.facebook.com\/policies\/cookies\/\" target=\"_blank\" title=\"Enlace externo.\" rel=\"noopener noreferrer\">pol\u00edtica de cookies<\/a><\/li>\n<li class=\"legal_texto\"><strong>Cookies de Flickr (Yahoo)<\/strong>, ver m\u00e1s informaci\u00f3n en su<span> <\/span><a href=\"https:\/\/policies.oath.com\/ie\/es\/oath\/privacy\/topics\/cookies\/index.html\" target=\"_blank\" title=\"Enlace externo.\" rel=\"noopener noreferrer\">pol\u00edtica de cookies<\/a><\/li>\n<\/ul>\n<h2 class=\"color_primario\">\u00bfC\u00f3mo se puede desactivar la utilizaci\u00f3n de cookies?<\/h2>\n<p class=\"legal_texto\">El uso de las cookies se puede desactivar, modificando la configuraci\u00f3n del navegador. Como norma general, esta acci\u00f3n suele encontrarse en el men\u00fa de &#8220;Herramientas&#8221; o &#8220;Preferencias&#8221;.<\/p>\n<p class=\"legal_texto\">As\u00ed, es posible dejar de aceptar las Cookies del navegador, o dejar de aceptar las Cookies de un servicio concreto.<\/p>\n<p class=\"legal_texto\">A trav\u00e9s de la ayuda de su navegador, el usuario puede informarse acerca de las diferentes opciones para la gesti\u00f3n de las Cookies:<\/p>\n<ul class=\"lista_simple nowrap_column margen_bottom_1\">\n<li class=\"legal_texto\">Configuraci\u00f3n de cookies para<span> <\/span><a href=\"http:\/\/support.google.com\/chrome\/bin\/answer.py?hl=es&amp;answer=95647\" target=\"_blank\" title=\"Enlace externo.\" rel=\"noopener noreferrer\">Google Chrome<\/a><\/li>\n<li class=\"legal_texto\">Configuraci\u00f3n de cookies para<span> <\/span><a href=\"http:\/\/windows.microsoft.com\/es-es\/windows7\/how-to-manage-cookies-in-internet-explorer-9\" target=\"_blank\" title=\"Enlace externo.\" rel=\"noopener noreferrer\">Internet Explorer<\/a><\/li>\n<li class=\"legal_texto\">Configuraci\u00f3n de cookies para<span> <\/span><a href=\"http:\/\/support.mozilla.org\/es\/kb\/habilitar-y-deshabilitar-cookies-que-los-sitios-we\" target=\"_blank\" title=\"Enlace externo.\" rel=\"noopener noreferrer\">Mozilla Firefox<\/a><\/li>\n<li class=\"legal_texto\">Configuraci\u00f3n de cookies para<span> <\/span><a href=\"http:\/\/support.apple.com\/kb\/ph5042\" target=\"_blank\" title=\"Enlace externo.\" rel=\"noopener noreferrer\">Apple Safari<\/a><\/li>\n<\/ul>\n<p class=\"legal_texto margen_bottom_2\">En cualquier caso, el usuario debe conocer que la desactivaci\u00f3n de las cookies puede dificultar o impedir el acceso a determinados apartados del Sitio Web de Schayesteh Mohregi Shakiba, o bien puede degradarse su experiencia de navegaci\u00f3n.<\/p>\n<h2 class=\"color_primario\">M\u00e1s informaci\u00f3n sobre las cookies<\/h2>\n<p class=\"legal_texto\">Puedes consultar el reglamento sobre cookies publicado por la Agencia Espa\u00f1ola de Protecci\u00f3n de Datos en su \u201cGu\u00eda sobre el uso de las cookies\u201d y obtener m\u00e1s informaci\u00f3n sobre las cookies en Internet, http:\/\/www.aboutcookies.org\/<\/p>\n<p class=\"legal_texto margen_bottom_2\">Si desea tener un mayor control sobre la instalaci\u00f3n de cookies, puede instalar programas o complementos a su navegador, conocidos como herramientas de \u201cDo Not Track\u201d, que le permitir\u00e1n escoger aquellas cookies que desea permitir.<\/p>\n<h2 class=\"color_primario\">Cambios en la pol\u00edtica de cookies<\/h2>\n<p class=\"legal_texto\">Es posible que Schayesteh Mohregi Shakiba actualice la Pol\u00edtica de Cookies del Sitio Web, por ello le recomendamos revisar esta pol\u00edtica cada vez que acceda a la plataforma con el objetivo de estar adecuadamente informado sobre c\u00f3mo y para qu\u00e9 usamos las cookies.<\/p>\n<p class=\"legal_texto margen_top_1\">Esta pol\u00edtica de cookies ha sido actualizada por \u00faltima vez el 05\/06\/2020<\/p>\n<p>[\/et_pb_text][\/et_pb_column][\/et_pb_row][\/et_pb_section]<\/p>\n","protected":false},"excerpt":{"rendered":"<p>Pol\u00edtica de CookiesLa web de Schayesteh Mohregi Shakiba utiliza una tecnolog\u00eda denominada \u201ccookies\u201d, con la finalidad de poder recabar informaci\u00f3n acerca del uso del sitio web. Le informamos de que podemos utilizar cookies con la finalidad de facilitar su navegaci\u00f3n a trav\u00e9s de la web, distinguirle de otros usuarios, proporcionarle una mejor experiencia en el [&hellip;]<\/p>\n","protected":false},"author":1,"featured_media":0,"parent":0,"menu_order":0,"comment_status":"closed","ping_status":"closed","template":"","meta":{"_et_pb_use_builder":"on","_et_pb_old_content":"","_et_gb_content_width":"","_mi_skip_tracking":false,"_monsterinsights_sitenote_active":false,"_monsterinsights_sitenote_note":"","_monsterinsights_sitenote_category":0},"_links":{"self":[{"href":"https:\/\/villacapricho.com\/en\/wp-json\/wp\/v2\/pages\/538"}],"collection":[{"href":"https:\/\/villacapricho.com\/en\/wp-json\/wp\/v2\/pages"}],"about":[{"href":"https:\/\/villacapricho.com\/en\/wp-json\/wp\/v2\/types\/page"}],"author":[{"embeddable":true,"href":"https:\/\/villacapricho.com\/en\/wp-json\/wp\/v2\/users\/1"}],"replies":[{"embeddable":true,"href":"https:\/\/villacapricho.com\/en\/wp-json\/wp\/v2\/comments?post=538"}],"version-history":[{"count":2,"href":"https:\/\/villacapricho.com\/en\/wp-json\/wp\/v2\/pages\/538\/revisions"}],"predecessor-version":[{"id":540,"href":"https:\/\/villacapricho.com\/en\/wp-json\/wp\/v2\/pages\/538\/revisions\/540"}],"wp:attachment":[{"href":"https:\/\/villacapricho.com\/en\/wp-json\/wp\/v2\/media?parent=538"}],"curies":[{"name":"wp","href":"https:\/\/api.w.org\/{rel}","templated":true}]}}