{"id":541,"date":"2020-06-04T13:22:29","date_gmt":"2020-06-04T12:22:29","guid":{"rendered":"https:\/\/villacapricho.com\/politica-de-privacidad\/"},"modified":"2023-03-21T18:43:31","modified_gmt":"2023-03-21T16:43:31","slug":"politica-de-privacidad","status":"publish","type":"page","link":"https:\/\/villacapricho.com\/en\/politica-de-privacidad\/","title":{"rendered":"Pol\u00edtica de Privacidad"},"content":{"rendered":"<p>[et_pb_section fb_built=&#8221;1&#8243; _builder_version=&#8221;4.4.3&#8243;][et_pb_row _builder_version=&#8221;4.4.3&#8243; custom_margin=&#8221;0px||||false|false&#8221; custom_padding=&#8221;0px||||false|false&#8221;][et_pb_column type=&#8221;4_4&#8243; _builder_version=&#8221;4.4.3&#8243;][et_pb_text _builder_version=&#8221;4.4.3&#8243; custom_margin=&#8221;0px||0px||false|false&#8221; custom_padding=&#8221;0px||0px||false|false&#8221;]<\/p>\n<h1>Pol\u00edtica de Privacidad<\/h1>\n<p>[\/et_pb_text][\/et_pb_column][\/et_pb_row][et_pb_row _builder_version=&#8221;4.4.3&#8243; custom_padding=&#8221;|2%||2%|false|false&#8221; border_width_all=&#8221;1px&#8221; border_color_all=&#8221;#529641&#8243;][et_pb_column type=&#8221;4_4&#8243; _builder_version=&#8221;4.4.3&#8243;][et_pb_text _builder_version=&#8221;4.4.3&#8243; text_line_height=&#8221;1.8em&#8221; header_2_font=&#8221;|300|||||||&#8221; header_2_text_color=&#8221;#000000&#8243; header_2_font_size=&#8221;28px&#8221; header_2_line_height=&#8221;1.9em&#8221; custom_margin=&#8221;||||false|false&#8221;]<\/p>\n<p class=\"legal_texto\">Gracias por visitar esta p\u00e1gina web. El texto que tienes ante ti explica qu\u00e9, c\u00f3mo y por qu\u00e9 utilizamos tu informaci\u00f3n cuando visitas esta web o contratas alguno de nuestros servicios. Tu privacidad es muy importante para nosotros, y nunca haremos un uso indebido de la informaci\u00f3n personal que nos conf\u00edas. Te invitamos a leer detenidamente estos t\u00e9rminos antes de facilitar tus datos personales en esta web.<\/p>\n<p class=\"legal_texto margen_bottom_2\"><span>Schayesteh Mohregi Shakiba<\/span> ha adecuado esta web a las exigencias del Reglamento (UE) 2016\/679 del Parlamento Europeo y del Consejo de 27 de abril de 2016 relativo a la protecci\u00f3n de las personas f\u00edsicas (RGPD), as\u00ed como con la Ley 34\/2002, de 11 de julio, de Servicios de la Sociedad de la Informaci\u00f3n y Comercio Electr\u00f3nico (LSSICE o LSSI), en cumplimiento de lo cual<span> <\/span><strong>le informamos de lo siguiente<\/strong>:<\/p>\n<h2 class=\"color_primario\">Advertencia menor de edad<\/h2>\n<p class=\"legal_texto\">Los mayores de trece a\u00f1os podr\u00e1n registrarse en capricho.com.es como usuarios sin el previo consentimiento de sus padres o tutores.<\/p>\n<p class=\"legal_texto\">En el caso de los menores de trece a\u00f1os se requiere el consentimiento de los padres o tutores para el tratamiento de sus datos personales.<\/p>\n<p class=\"legal_texto\">En ning\u00fan caso se recabar\u00e1n del menor de edad datos relativos a la situaci\u00f3n profesional, econ\u00f3mica o a la intimidad de los otros miembros de la familia, sin el consentimiento de \u00e9stos.<\/p>\n<p class=\"legal_texto margen_bottom_2\">Si eres menor de trece a\u00f1os y has accedido a este sitio web sin avisar a tus padres no debes registrarte como usuario.<\/p>\n<h2 class=\"color_primario\">\u00bfQui\u00e9n es el responsable del tratamiento de sus datos?<\/h2>\n<p class=\"legal_texto\"><strong>Nombre:<\/strong><span> Schayesteh Mohregi Shakiba<\/span> (VILLA CAPRICHO)<\/p>\n<p class=\"legal_texto\"><strong>NIF\/CIF:<\/strong><span> 78984812Y<\/span><\/p>\n<p class=\"legal_texto\"><strong>Direcci\u00f3n:<\/strong><span> C.\/ Padre Paco Ostos, 9 29602 Marbella (M\u00e1laga)<\/span><\/p>\n<p class=\"legal_texto\"><strong>N\u00famero de tel\u00e9fono:<\/strong><span> +34 <\/span> <\/p>\n<p class=\"legal_texto\"><strong>E-mail:<\/strong><span> <\/span>info@villacapricho.com<\/p>\n<p class=\"legal_texto margen_bottom_2\"><strong>Direcci\u00f3n de p\u00e1gina web:<\/strong><span> capricho.com.es<\/span><\/p>\n<p class=\"legal_texto\">A efectos de lo previsto en el Reglamento General de Protecci\u00f3n de Datos antes citado, los datos personales que nos env\u00edes a trav\u00e9s de los formularios de la web, recibir\u00e1n el tratamiento de datos de \u201cUsuarios de la web y suscriptores\u201d.<\/p>\n<p class=\"legal_texto margen_bottom_2\">Para el tratamiento de datos mis usuarios implemento todas las medidas t\u00e9cnicas y organizativas de seguridad establecidas en la legislaci\u00f3n vigente.<\/p>\n<h2 class=\"color_primario\">C\u00f3mo se obtienen datos personales en esta web<\/h2>\n<p class=\"legal_texto\">Los datos personales que tratamos en VILLA CAPRICHO proceden de:<\/p>\n<ul class=\"lista_simple nowrap_column margen_bottom_1\">\n<li class=\"legal_texto\">Formularios de contactos<\/li>\n<li class=\"legal_texto\">Formularios de suscripci\u00f3n<\/li>\n<li class=\"legal_texto\">Comentarios en el blog<\/li>\n<li class=\"legal_texto\">Formularios de venta<\/li>\n<\/ul>\n<p class=\"legal_texto margen_bottom_2\">En todo caso, los datos personales que tratamos han sido proporcionados directamente por el interesado a trav\u00e9s de los diferentes formularios de los que dispone la p\u00e1gina web, o bien a trav\u00e9s de las cookies instaladas tal y como puede consultarse en nuestra<span> <\/span><a href=\"https:\/\/epgestudio.es\/legal\/politica-de-cookies\/\" target=\"_self\" rel=\"noopener noreferrer\">Pol\u00edtica de Cookies.<\/a><\/p>\n<h2 class=\"color_primario\">\u00bfCon qu\u00e9 finalidad tratamos sus datos personales?<\/h2>\n<p class=\"legal_texto\">Cuando un usuario se conecta con esta web por ejemplo para comentar un post, mandar un correo al titular, suscribirse o realizar alguna contrataci\u00f3n, est\u00e1 facilitando informaci\u00f3n de car\u00e1cter personal de la que es responsable VILLA CAPRICHO. Esa informaci\u00f3n puede incluir datos de car\u00e1cter personal como pueden ser tu direcci\u00f3n IP, nombre, direcci\u00f3n f\u00edsica, direcci\u00f3n de correo electr\u00f3nico, n\u00famero de tel\u00e9fono, y otra informaci\u00f3n. Al facilitar esta informaci\u00f3n, el usuario da su consentimiento para que su informaci\u00f3n sea recopilada, utilizada, gestionada y almacenada por VILLA CAPRICHO, s\u00f3lo como se describe en el Aviso Legal y en la presente Pol\u00edtica de Privacidad.<\/p>\n<p class=\"legal_texto\">Le informamos que los datos que nos facilita estar\u00e1n ubicados en los servidores de Estudio de Desarrollo Tecnol\u00f3gico Empresarial, S.L. proveedor de hosting de VILLA CAPRICHO dentro de la UE.<\/p>\n<p class=\"legal_texto\">Los boletines electr\u00f3nicos o newsletter est\u00e1n gestionados por GetResponse Sp. z o.o. Al utilizar los servicios de esta plataforma para la realizaci\u00f3n de campa\u00f1as de marketing por correo electr\u00f3nico, gesti\u00f3n de suscripciones y env\u00edo de boletines, debes saber que GetResponse Sp. z o.o. (GetResponse) tiene sus servidores alojados principlamente en Polonia y otros pa\u00edses del Espacio Econ\u00f3mico Europeo (EEE), por ejemplo, Francia y fuera de la EEE que participan en privacy shield: \u201cest\u00e1 acogido al acuerdo EU-US Privacy Shield, cuya informaci\u00f3n est\u00e1 disponible aqu\u00ed, aprobado por el Comit\u00e9 Europeo de Protecci\u00f3n de Datos\u201d. Al realizar una suscripci\u00f3n, aceptas y consientes que tus datos sean almacenados por esta plataforma, con sede en Polonia a fin de gestionar el env\u00edo de los boletines correspondientes.<\/p>\n<p class=\"legal_texto margen_top_2\"><strong>En VILLA CAPRICHO utilizamos sus datos personales:<\/strong><\/p>\n<p class=\"titulo_h3 color_primario margen_top_2\">&#8211; Clientes<\/p>\n<p class=\"legal_texto\">Para atender las solicitudes de informaci\u00f3n recibidas.<\/p>\n<p class=\"legal_texto\">Adem\u00e1s, le mantendremos informado de las actuaciones pertinentes a los servicios contratados, con todas aquellas comunicaciones que creamos pertinentes, y que puedan ser de su inter\u00e9s y le permitan estar al tanto de las \u00e1reas que influyen en su actividad<\/p>\n<p class=\"legal_texto\">Asimismo, y si contamos con su consentimiento, podremos enviarle aquellas informaciones comerciales acerca de nuestros servicios que puedan resultarle de utilidad.<\/p>\n<p class=\"legal_texto\">\n<p class=\"titulo_h3 color_primario margen_top_2\">&#8211; Usuarios que contacten a trav\u00e9s de la web, de las redes sociales o por v\u00eda telef\u00f3nica:<\/p>\n<p class=\"legal_texto\">Si a\u00fan no es cliente, pero nos ha solicitado informaci\u00f3n, daremos respuesta a su solicitud y si est\u00e1 interesado y nos da su consentimiento, utilizaremos sus datos para informarle de aquellas \u00e1reas que sean de su inter\u00e9s o de aquellas novedades que puedan beneficiarle.<\/p>\n<p class=\"titulo_h3 color_primario margen_top_2\">&#8211; Si nos ha mandado su Curr\u00edculum Vitae:<\/p>\n<p class=\"legal_texto\">Usaremos sus datos para gestionarlos y tenerlos en cuenta en los posibles procesos de selecci\u00f3n de personal que tengamos activos.<\/p>\n<p class=\"titulo_h3 color_primario margen_top_2\">&#8211; Existen otras finalidades por la que tratamos sus datos personales:<\/p>\n<p class=\"legal_texto\">Para garantizar el cumplimiento de las condiciones de uso y la ley aplicable. Esto puede incluir el desarrollo de herramientas y algoritmos que ayudan a esta web a garantizar la confidencialidad de los datos personales que recoge.<\/p>\n<p class=\"legal_texto\">Para apoyar y mejorar los servicios que ofrece esta web.<\/p>\n<p class=\"legal_texto\">Tambi\u00e9n se recogen otros datos no identificativos que se obtienen mediante algunas cookies que se descargan en el ordenador del usuario cuando navega en esta web que detallamos en la pol\u00edtica de cookies.<\/p>\n<p class=\"legal_texto\">Para gestionar las redes sociales.VILLA CAPRICHO puede tener presencia en redes sociales. El tratamiento de los datos que se lleve a cabo de las personas que se hagan seguidoras en las redes sociales de las p\u00e1ginas oficiales de VILLA CAPRICHO se regir\u00e1 por este apartado. As\u00ed como por aquellas condiciones de uso, pol\u00edticas de privacidad y normativas de acceso que pertenezcan a la red social que proceda en cada caso y aceptadas previamente por el usuario de VILLA CAPRICHO. Tratar\u00e1 sus datos con las finalidades de administrar correctamente su presencia en la red social, informando de actividades, productos o servicios de VILLA CAPRICHO. As\u00ed como para cualquier otra finalidad que las normativas de las redes sociales permitan. En ning\u00fan caso utilizaremos los perfiles de seguidores en redes sociales para enviar publicidad de manera individual.<\/p>\n<p class=\"legal_texto\">De acuerdo a lo establecido en el reglamento general de protecci\u00f3n de datos europeo (RGPD) 2016\/679, Schayesteh Mohregi Shakiba (VILLA CAPRICHO) con domicilio en Calle buensueso 18, 18002 (Granada) ser\u00e1 responsable del tratamiento de los datos correspondientes a Usuarios de la web y suscriptores.<\/p>\n<p class=\"legal_texto margen_bottom_2\">VILLA CAPRICHO, no vende, alquila ni cede datos de car\u00e1cter personal que puedan identificar al usuario, ni lo har\u00e1 en el futuro, a terceros sin el consentimiento previo. Sin embargo, en algunos casos se pueden realizar colaboraciones con otros profesionales, en esos casos, se requerir\u00e1 consentimiento a los usuarios informando sobre la identidad del colaborador y la finalidad de la colaboraci\u00f3n. Siempre se realizar\u00e1 con los m\u00e1s estrictos est\u00e1ndares de seguridad.<\/p>\n<h2 class=\"color_primario\">\u00bfCu\u00e1l es la legitimaci\u00f3n para el tratamiento de sus datos?<\/h2>\n<p class=\"legal_texto\"><strong>Consentimiento del interesado:<\/strong><span> <\/span>En base al art\u00edculo 7 del RGPD, el consentimiento del interesado se ha solicitado de forma inteligible y de f\u00e1cil acceso, utilizando un lenguaje claro y sencillo.<\/p>\n<p class=\"legal_texto margen_bottom_2\">Le informamos de que usted, como interesado, tiene derecho a retirar su consentimiento en cualquier momento.<\/p>\n<h2 class=\"color_primario\">\u00bfA qu\u00e9 destinatarios se comunicar\u00e1n sus datos?<\/h2>\n<p class=\"legal_texto\">Tenemos una serie de obligaciones legales que debemos cumplir respecto de sus datos. Entre ellas, deberemos facilitar estos datos cuando nos los soliciten las autoridades tributarias o las autoridades p\u00fablicas pertinentes.<\/p>\n<p class=\"legal_texto\">Adem\u00e1s, y siempre bajo su consentimiento, sus datos ser\u00e1n cedidos a aquellas entidades p\u00fablicas o privadas que usted nos indique para la realizaci\u00f3n de cualquier tipo de tr\u00e1mite que nos solicite gestionar en su representaci\u00f3n.<\/p>\n<p class=\"legal_texto\">Debe tener en cuenta de que si contacta con nuestro equipo a trav\u00e9s de alguno de los perfiles en redes sociales desde los que VILLA CAPRICHO pone a disposici\u00f3n de los usuarios, adem\u00e1s de cedernos los datos que nos facilite a nuestra entidad, tambi\u00e9n los estar\u00e1 cediendo a las entidades responsables de esa propia red social. Para conocer el uso y tratamiento que estas entidades hacen de sus datos, le aconsejamos que lea detenidamente las pol\u00edticas de privacidad de las redes sociales que tenga activas.<\/p>\n<p class=\"legal_texto margen_bottom_2\">Del mismo modo, si su inter\u00e9s es contactar con nosotros para participar en un proceso de selecci\u00f3n de personal que tengamos activo, y su forma de contacto es a trav\u00e9s de alguno de los portales de b\u00fasqueda de empleo que desde esta entidad se puedan gestionar, sepa que adem\u00e1s de cedernos su datos a VILLA CAPRICHO, tambi\u00e9n los habr\u00e1 cedido con anterioridad (en el momento de su registro), a aquellos portales de empleo en los que tenga incluido su perfil profesional. Podr\u00e1 conocer el uso, tratamiento y posibles cesiones de estos portales, consultando las Pol\u00edticas de Privacidad de los mismos.<\/p>\n<h2 class=\"color_primario\">\u00bfPor cu\u00e1nto tiempo conservaremos sus datos?<\/h2>\n<p class=\"legal_texto margen_bottom_2\">VILLA CAPRICHO, conservar\u00e1 su informaci\u00f3n:<\/p>\n<p class=\"titulo_h3 color_primario\">&#8211; Mientras sea Cliente:<\/p>\n<p class=\"legal_texto margen_bottom_2\">Bloqueando los datos cuando deje de serlo y borr\u00e1ndolos toda vez que hayan prescrito posibles acciones judiciales y extrajudiciales que pudieran generarse. Asimismo, y siempre que los recursos materiales, t\u00e9cnicos y humanos de los que dispongamos, nos lo permitan, podremos ofrecerle la portabilidad de los mismos a otra entidad que usted nos indique.<\/p>\n<p class=\"titulo_h3 color_primario\">&#8211; Mientras sea usuario de nuestra p\u00e1gina web o redes sociales:<\/p>\n<p class=\"legal_texto margen_bottom_2\">Cuando contacte con nosotros para informarle de los servicios que prestamos, conservaremos su datos hasta que no termine el tratamiento o nos solicite la supresi\u00f3n de sus datos.<\/p>\n<p class=\"titulo_h3 color_primario\">&#8211; Mientras tengamos activo un proceso de selecci\u00f3n de personal:<\/p>\n<p class=\"legal_texto\">Cuando nos hace llegar tu Curr\u00edculum, conservaremos sus datos personales hasta que termine el proceso de selecci\u00f3n del personal, y en su caso, hasta 3 a\u00f1os m\u00e1s.<\/p>\n<p class=\"legal_texto margen_bottom_2\">Por \u00faltimo, VILLA CAPRICHO, le informa de que tambi\u00e9n deber\u00e1 conservar determinada informaci\u00f3n en base a requerimientos legales.<\/p>\n<h2 class=\"color_primario\">Navegaci\u00f3n<\/h2>\n<p class=\"legal_texto\">Al navegar por VILLA CAPRICHO se pueden recoger datos no identificables, que pueden incluir, direcciones IP, ubicaci\u00f3n geogr\u00e1fica (aproximadamente), un registro de c\u00f3mo se utilizan los servicios y sitios, y otros datos que no pueden ser utilizados para identificar al usuario. Entre los datos no identificativos est\u00e1n tambi\u00e9n los relacionados a sus h\u00e1bitos de navegaci\u00f3n a trav\u00e9s de servicios de terceros. Esta web utiliza los servicio de an\u00e1lisis de terceros: a Google Analytics y Facebook Ads.<\/p>\n<p class=\"legal_texto margen_bottom_2\">Utilizamos esta informaci\u00f3n para analizar tendencias, administrar el sitio, rastrear los movimientos de los usuarios alrededor del sitio y para recopilar informaci\u00f3n demogr\u00e1fica sobre nuestra base de usuarios en su conjunto.<\/p>\n<h2 class=\"color_primario\">Secreto y seguridad de los datos<\/h2>\n<p class=\"legal_texto\">VILLA CAPRICHO se compromete en el uso y tratamiento de los datos incluidos personales de los usuarios, respetando su confidencialidad y a utilizarlos de acuerdo con la finalidad del mismo, as\u00ed como a dar cumplimiento a su obligaci\u00f3n de guardarlos y adaptar todas las medidas para evitar la alteraci\u00f3n, p\u00e9rdida, tratamiento o acceso no autorizado (C\u00f3mo los protocolos Https que utilizamos), de conformidad con lo establecido en la normativa vigente de protecci\u00f3n de datos.<\/p>\n<p class=\"legal_texto margen_bottom_2\">VILLA CAPRICHO no puede garantizar la absoluta inexpugnabilidad de la red Internet y por tanto la violaci\u00f3n de los datos mediante accesos fraudulentos a ellos por parte de terceros.<\/p>\n<h2 class=\"color_primario\">Cambios en la pol\u00edtica de privacidad<\/h2>\n<p class=\"legal_texto margen_bottom_2\">VILLA CAPRICHO se reserva el derecho a modificar la presente pol\u00edtica para adaptarla a novedades legislativas o jurisprudenciales, as\u00ed como a pr\u00e1cticas de la industria. En dichos supuestos, el Prestador anunciar\u00e1 en esta p\u00e1gina los cambios introducidos con razonable antelaci\u00f3n a su puesta en pr\u00e1ctica.<\/p>\n<h2 class=\"color_primario\">\u00bfCu\u00e1les son sus derechos cuando nos facilita sus datos?<\/h2>\n<p class=\"legal_texto\">Cualquier persona tiene derecho a obtener confirmaci\u00f3n sobre si en VILLA CAPRICHO estamos tratando datos personales que les conciernan, o no.<\/p>\n<p class=\"legal_texto\">Las personas interesadas tienen derecho a:<\/p>\n<ul class=\"lista_simple nowrap_column margen_bottom_1\">\n<li class=\"legal_texto\">Solicitar el acceso a los datos personales relativos al interesado.<\/li>\n<li class=\"legal_texto\">Solicitar su rectificaci\u00f3n o supresi\u00f3n.<\/li>\n<li class=\"legal_texto\">Solicitar la limitaci\u00f3n de su tratamiento.<\/li>\n<li class=\"legal_texto\">Oponerse a determinados tratamientos.<\/li>\n<li class=\"legal_texto\">Solicitar la portabilidad de los datos.<\/li>\n<li class=\"legal_texto\">No ser objeto de una decisi\u00f3n individual basada \u00fanicamente en un tratamiento automatizado.<\/li>\n<\/ul>\n<p class=\"legal_texto\">Los interesados podr\u00e1n acceder a sus datos personales, as\u00ed como a solicitar la rectificaci\u00f3n de los datos inexactos o, en su caso, solicitar su supresi\u00f3n cuando, entre otros motivos, los datos ya no sean necesarios para los fines que fueron recogidos.<\/p>\n<p class=\"legal_texto\">En determinadas circunstancias, los interesados podr\u00e1n solicitar la limitaci\u00f3n del tratamiento de sus datos, en cuyo caso \u00fanicamente los conservaremos para el ejercicio o la defensa de reclamaciones.<\/p>\n<p class=\"legal_texto\">En determinadas circunstancias y por motivos relacionados con su situaci\u00f3n particular, los interesados podr\u00e1n oponerse al tratamiento de sus datos. VILLA CAPRICHO dejar\u00e1 de tratar los datos, salvo por motivos leg\u00edtimos imperiosos, o el ejercicio o la defensa de posibles reclamaciones. Tambi\u00e9n podr\u00e1n solicitar la portabilidad de sus datos. Por descontado, podr\u00e1 oponerse en cualquier momento a recibir publicidad sobre nuestros productos\/servicios.<\/p>\n<p class=\"legal_texto\">Los interesados tambi\u00e9n tendr\u00e1n derecho a la tutela judicial efectiva y a presentar una reclamaci\u00f3n ante la autoridad de control, en este caso, la Agencia Espa\u00f1ola de Protecci\u00f3n de Datos, si consideran que el tratamiento de datos personales que le conciernen infringe el Reglamento.<\/p>\n<p class=\"legal_texto\">Las personas interesadas tienen derecho a acceder a sus datos personales, as\u00ed como a solicitar la rectificaci\u00f3n de los datos inexactos, solicitar su supresi\u00f3n, limitar el tratamiento de los datos personales a las operaciones de tratamiento que en cada caso correspondan y a portabilizar sus datos<span> <\/span><strong>mediante correo electr\u00f3nico con fotocopia de DNI a<\/strong><\/p>\n<p class=\"legal_texto\">lopd@villacapricho.com<\/p>\n<p class=\"legal_texto cursiva margen_top_2\">Documento revisado el 05 de mayo de 2020<\/p>\n<p>[\/et_pb_text][\/et_pb_column][\/et_pb_row][\/et_pb_section]<\/p>\n","protected":false},"excerpt":{"rendered":"<p>Pol\u00edtica de PrivacidadGracias por visitar esta p\u00e1gina web. El texto que tienes ante ti explica qu\u00e9, c\u00f3mo y por qu\u00e9 utilizamos tu informaci\u00f3n cuando visitas esta web o contratas alguno de nuestros servicios. Tu privacidad es muy importante para nosotros, y nunca haremos un uso indebido de la informaci\u00f3n personal que nos conf\u00edas. Te invitamos [&hellip;]<\/p>\n","protected":false},"author":1,"featured_media":0,"parent":0,"menu_order":0,"comment_status":"closed","ping_status":"closed","template":"","meta":{"_et_pb_use_builder":"on","_et_pb_old_content":"","_et_gb_content_width":"","_mi_skip_tracking":false,"_monsterinsights_sitenote_active":false,"_monsterinsights_sitenote_note":"","_monsterinsights_sitenote_category":0},"_links":{"self":[{"href":"https:\/\/villacapricho.com\/en\/wp-json\/wp\/v2\/pages\/541"}],"collection":[{"href":"https:\/\/villacapricho.com\/en\/wp-json\/wp\/v2\/pages"}],"about":[{"href":"https:\/\/villacapricho.com\/en\/wp-json\/wp\/v2\/types\/page"}],"author":[{"embeddable":true,"href":"https:\/\/villacapricho.com\/en\/wp-json\/wp\/v2\/users\/1"}],"replies":[{"embeddable":true,"href":"https:\/\/villacapricho.com\/en\/wp-json\/wp\/v2\/comments?post=541"}],"version-history":[{"count":2,"href":"https:\/\/villacapricho.com\/en\/wp-json\/wp\/v2\/pages\/541\/revisions"}],"predecessor-version":[{"id":543,"href":"https:\/\/villacapricho.com\/en\/wp-json\/wp\/v2\/pages\/541\/revisions\/543"}],"wp:attachment":[{"href":"https:\/\/villacapricho.com\/en\/wp-json\/wp\/v2\/media?parent=541"}],"curies":[{"name":"wp","href":"https:\/\/api.w.org\/{rel}","templated":true}]}}